{"id":3,"date":"2025-04-16T22:00:18","date_gmt":"2025-04-16T22:00:18","guid":{"rendered":"https:\/\/yilmazekmek.com\/?page_id=3"},"modified":"2025-04-22T23:23:30","modified_gmt":"2025-04-22T23:23:30","slug":"privacy-policy-2","status":"publish","type":"page","link":"https:\/\/yilmazekmek.com\/index.php\/privacy-policy-2\/","title":{"rendered":"Gizlilik Politikas\u0131"},"content":{"rendered":"\n<h2 class=\"wp-block-heading\"><strong>Biz Kimiz<\/strong><\/h2>\n\n\n\n<p>Web sitemizin adresi: <a class=\"\" href=\"https:\/\/yilmazekmek.com\">https:\/\/yilmazekmek.com<\/a>.<\/p>\n\n\n\n<h2 class=\"wp-block-heading\"><strong>Yorumlar<\/strong><\/h2>\n\n\n\n<p>Ziyaret\u00e7iler sitemizde yorum b\u0131rakt\u0131\u011f\u0131nda, yorum formunda g\u00f6sterilen verileri toplar\u0131z, ayr\u0131ca ziyaret\u00e7inin IP adresi ve taray\u0131c\u0131 kullan\u0131c\u0131 arac\u0131s\u0131 bilgilerini de spam tespiti amac\u0131yla kaydederiz.<\/p>\n\n\n\n<p>E-posta adresinizden olu\u015fturulan anonimle\u015ftirilmi\u015f bir dize (hash olarak adland\u0131r\u0131l\u0131r), Gravatar hizmetine sa\u011flanabilir. Gravatar hizmetinin gizlilik politikas\u0131 \u015fu adreste mevcuttur: <a class=\"\" href=\"https:\/\/automattic.com\/privacy\/\">https:\/\/automattic.com\/privacy\/<\/a>. Yorumunuzun onaylanmas\u0131n\u0131n ard\u0131ndan, profil resminiz yorum ba\u011flam\u0131nda halka g\u00f6r\u00fcn\u00fcr hale gelir.<\/p>\n\n\n\n<h2 class=\"wp-block-heading\"><strong>Medya<\/strong><\/h2>\n\n\n\n<p>Web sitesine g\u00f6rsel y\u00fcklerseniz, g\u00f6m\u00fcl\u00fc konum verileri (EXIF GPS) i\u00e7eren g\u00f6rseller y\u00fcklemekten ka\u00e7\u0131nmal\u0131s\u0131n\u0131z. Web sitesindeki ziyaret\u00e7iler, g\u00f6rsellerdeki konum verilerini indirip \u00e7\u0131karabilir.<\/p>\n\n\n\n<h2 class=\"wp-block-heading\"><strong>\u00c7erezler<\/strong><\/h2>\n\n\n\n<p>Sitemizde bir yorum b\u0131rak\u0131rsan\u0131z, ad\u0131n\u0131z\u0131, e-posta adresinizi ve web sitenizi \u00e7erezlerde kaydetmeyi tercih edebilirsiniz. Bu, ba\u015fka bir yorum b\u0131rakt\u0131\u011f\u0131n\u0131zda bilgilerinizi tekrar doldurmak zorunda kalmaman\u0131z i\u00e7in bir kolayl\u0131kt\u0131r. Bu \u00e7erezler bir y\u0131l boyunca saklan\u0131r.<\/p>\n\n\n\n<p>Giri\u015f sayfam\u0131z\u0131 ziyaret ederseniz, taray\u0131c\u0131n\u0131z\u0131n \u00e7erezleri kabul edip etmedi\u011fini belirlemek i\u00e7in ge\u00e7ici bir \u00e7erez olu\u015ftururuz. Bu \u00e7erez herhangi bir ki\u015fisel veri i\u00e7ermez ve taray\u0131c\u0131n\u0131z\u0131 kapatt\u0131\u011f\u0131n\u0131zda silinir.<\/p>\n\n\n\n<p>Hesab\u0131n\u0131za giri\u015f yapt\u0131\u011f\u0131n\u0131zda, giri\u015f bilgilerinizi ve ekran g\u00f6r\u00fcnt\u00fcleme tercihlerinizi kaydetmek i\u00e7in birka\u00e7 \u00e7erez ayarlar\u0131z. Giri\u015f \u00e7erezleri iki g\u00fcn boyunca, ekran tercihi \u00e7erezleri ise bir y\u0131l boyunca saklan\u0131r. &#8220;Beni Hat\u0131rla&#8221; se\u00e7ene\u011fini se\u00e7erseniz, giri\u015f bilgileriniz iki hafta boyunca kal\u0131r. Hesab\u0131n\u0131zdan \u00e7\u0131k\u0131\u015f yapt\u0131\u011f\u0131n\u0131zda giri\u015f \u00e7erezleri kald\u0131r\u0131l\u0131r.<\/p>\n\n\n\n<p>Bir makaleyi d\u00fczenler veya yay\u0131mlarsan\u0131z, taray\u0131c\u0131n\u0131zda ek bir \u00e7erez kaydedilir. Bu \u00e7erez ki\u015fisel veri i\u00e7ermez ve yaln\u0131zca d\u00fczenledi\u011finiz yaz\u0131n\u0131n g\u00f6nderi kimli\u011fini belirtir. 1 g\u00fcn sonra s\u00fcresi dolar.<\/p>\n\n\n\n<h2 class=\"wp-block-heading\"><strong>Di\u011fer Web Sitelerinden G\u00f6m\u00fcl\u00fc \u0130\u00e7erik<\/strong><\/h2>\n\n\n\n<p>Bu sitedeki makaleler g\u00f6m\u00fcl\u00fc i\u00e7erikler (\u00f6rne\u011fin videolar, g\u00f6rseller, makaleler vb.) i\u00e7erebilir. Di\u011fer web sitelerinden gelen g\u00f6m\u00fcl\u00fc i\u00e7erikler, ziyaret\u00e7i di\u011fer web sitesini ziyaret etmi\u015f gibi ayn\u0131 \u015fekilde davran\u0131r.<\/p>\n\n\n\n<p>Bu web siteleri sizin hakk\u0131n\u0131zda veri toplayabilir, \u00e7erez kullanabilir, ek \u00fc\u00e7\u00fcnc\u00fc taraf izleme yerle\u015ftirebilir ve hesab\u0131n\u0131z varsa ve o siteye giri\u015f yapt\u0131ysan\u0131z, g\u00f6m\u00fcl\u00fc i\u00e7erikle etkile\u015fiminizi izleyebilir.<\/p>\n\n\n\n<h2 class=\"wp-block-heading\"><strong>Verilerinizi Kimlerle Payla\u015f\u0131yoruz<\/strong><\/h2>\n\n\n\n<p>\u015eifre s\u0131f\u0131rlama talebinde bulunursan\u0131z, IP adresiniz s\u0131f\u0131rlama e-postas\u0131nda yer al\u0131r.<\/p>\n\n\n\n<h2 class=\"wp-block-heading\"><strong>Verilerinizi Ne Kadar S\u00fcreyle Sakl\u0131yoruz<\/strong><\/h2>\n\n\n\n<p>Bir yorum b\u0131rak\u0131rsan\u0131z, yorum ve meta verileri s\u00fcresiz olarak saklan\u0131r. B\u00f6ylece takip eden yorumlar\u0131n\u0131z\u0131 onay kuyru\u011funda bekletmeden otomatik olarak tan\u0131y\u0131p onaylayabiliriz.<\/p>\n\n\n\n<p>Web sitemize kaydolan kullan\u0131c\u0131lar i\u00e7in (varsa) sa\u011flad\u0131klar\u0131 ki\u015fisel bilgileri kullan\u0131c\u0131 profillerinde saklar\u0131z. T\u00fcm kullan\u0131c\u0131lar ki\u015fisel bilgilerini diledikleri zaman g\u00f6rebilir, d\u00fczenleyebilir veya silebilir (kullan\u0131c\u0131 adlar\u0131n\u0131 de\u011fi\u015ftiremezler). Web site y\u00f6neticileri de bu bilgileri g\u00f6rebilir ve d\u00fczenleyebilir.<\/p>\n\n\n\n<h2 class=\"wp-block-heading\"><strong>Verileriniz \u00dczerindeki Haklar\u0131n\u0131z<\/strong><\/h2>\n\n\n\n<p>Bu sitede bir hesab\u0131n\u0131z varsa veya yorumlar b\u0131rakt\u0131ysan\u0131z, sizinle ilgili tuttu\u011fumuz ki\u015fisel verilerin d\u0131\u015fa aktar\u0131lm\u0131\u015f bir dosyas\u0131n\u0131 talep edebilirsiniz. Ayr\u0131ca, saklad\u0131\u011f\u0131m\u0131z ki\u015fisel verilerin silinmesini de isteyebilirsiniz. Bu, idari, yasal veya g\u00fcvenlik ama\u00e7lar\u0131 i\u00e7in saklamak zorunda oldu\u011fumuz veriler hari\u00e7tir.<\/p>\n\n\n\n<h2 class=\"wp-block-heading\"><strong>Verileriniz Nereye G\u00f6nderiliyor<\/strong><\/h2>\n\n\n\n<p>Ziyaret\u00e7i yorumlar\u0131 otomatik bir spam tespit hizmeti arac\u0131l\u0131\u011f\u0131yla kontrol edilebilir.<\/p>\n","protected":false},"excerpt":{"rendered":"<p>Biz Kimiz Web sitemizin adresi: https:\/\/yilmazekmek.com. Yorumlar Ziyaret\u00e7iler sitemizde yorum b\u0131rakt\u0131\u011f\u0131nda, yorum formunda g\u00f6sterilen verileri toplar\u0131z, ayr\u0131ca ziyaret\u00e7inin IP adresi ve taray\u0131c\u0131 kullan\u0131c\u0131 arac\u0131s\u0131 bilgilerini de spam tespiti amac\u0131yla kaydederiz. E-posta adresinizden olu\u015fturulan anonimle\u015ftirilmi\u015f bir dize (hash olarak adland\u0131r\u0131l\u0131r), Gravatar hizmetine sa\u011flanabilir. Gravatar hizmetinin gizlilik politikas\u0131 \u015fu adreste mevcuttur: https:\/\/automattic.com\/privacy\/. Yorumunuzun onaylanmas\u0131n\u0131n ard\u0131ndan, profil resminiz [&hellip;]<\/p>\n","protected":false},"author":1,"featured_media":0,"parent":0,"menu_order":0,"comment_status":"closed","ping_status":"open","template":"","meta":{"footnotes":""},"class_list":["post-3","page","type-page","status-publish","hentry"],"blocksy_meta":[],"_links":{"self":[{"href":"https:\/\/yilmazekmek.com\/index.php\/wp-json\/wp\/v2\/pages\/3","targetHints":{"allow":["GET"]}}],"collection":[{"href":"https:\/\/yilmazekmek.com\/index.php\/wp-json\/wp\/v2\/pages"}],"about":[{"href":"https:\/\/yilmazekmek.com\/index.php\/wp-json\/wp\/v2\/types\/page"}],"author":[{"embeddable":true,"href":"https:\/\/yilmazekmek.com\/index.php\/wp-json\/wp\/v2\/users\/1"}],"replies":[{"embeddable":true,"href":"https:\/\/yilmazekmek.com\/index.php\/wp-json\/wp\/v2\/comments?post=3"}],"version-history":[{"count":1,"href":"https:\/\/yilmazekmek.com\/index.php\/wp-json\/wp\/v2\/pages\/3\/revisions"}],"predecessor-version":[{"id":759,"href":"https:\/\/yilmazekmek.com\/index.php\/wp-json\/wp\/v2\/pages\/3\/revisions\/759"}],"wp:attachment":[{"href":"https:\/\/yilmazekmek.com\/index.php\/wp-json\/wp\/v2\/media?parent=3"}],"curies":[{"name":"wp","href":"https:\/\/api.w.org\/{rel}","templated":true}]}}